{"id":6757,"date":"2022-05-12T12:20:07","date_gmt":"2022-05-12T10:20:07","guid":{"rendered":"https:\/\/2milionikm.dynamocamp.org\/individual-participants\/"},"modified":"2024-06-04T19:38:09","modified_gmt":"2024-06-04T17:38:09","slug":"individual-participants","status":"publish","type":"page","link":"https:\/\/2milionikm.dynamocamp.org\/en\/individual-participants\/","title":{"rendered":"Individual Participants"},"content":{"rendered":"<p>[et_pb_section fb_built=&#8221;1&#8243; fullwidth=&#8221;on&#8221; _builder_version=&#8221;4.16&#8243; _module_preset=&#8221;default&#8221; global_colors_info=&#8221;{}&#8221;][et_pb_fullwidth_header title=&#8221;Individual Participants&#8221; _builder_version=&#8221;4.20.2&#8243; _module_preset=&#8221;2eb8210b-06b4-4c46-b34d-4d1f8198d956&#8243; global_colors_info=&#8221;{}&#8221;][\/et_pb_fullwidth_header][\/et_pb_section][et_pb_section fb_built=&#8221;1&#8243; _builder_version=&#8221;4.16&#8243; _module_preset=&#8221;default&#8221; custom_padding=&#8221;0px|||||&#8221; global_colors_info=&#8221;{}&#8221;][et_pb_row _builder_version=&#8221;4.16&#8243; _module_preset=&#8221;dee5904e-3e45-432b-8ef1-6bb062a8ee69&#8243; global_colors_info=&#8221;{}&#8221;][et_pb_column type=&#8221;4_4&#8243; _builder_version=&#8221;4.16&#8243; _module_preset=&#8221;default&#8221; global_colors_info=&#8221;{}&#8221;][et_pb_text _builder_version=&#8221;4.16&#8243; _module_preset=&#8221;156f3ad1-8abc-4033-90a8-18c07d81b2c7&#8243; global_colors_info=&#8221;{}&#8221;]<\/p>\n      \r\n      <script type=\"text\/javascript\">\r\n         jQuery(document).ready(function()\r\n         {\r\n            \/\/click event for the \"go to\" button\r\n            jQuery('button.fc-campaign-filter-go').on('click', function(e)\r\n            {\r\n               var goToUrl = 'https:\/\/2milionikm.dynamocamp.org\/en\/individual-participants\/';\r\n               var searchEl = jQuery('input[name=campaigns_search]');\r\n               \r\n               if (searchEl && searchEl.val().length > 2)\r\n               {\r\n                  window.location.href = goToUrl + '?cerca=' + searchEl.val();\r\n               }\r\n            });\r\n         });\r\n      <\/script>\r\n      <div class=\"box-search-campaign card-style\">\r\n         <fieldset>\r\n            <legend>Search for a participant (type at least 3 letters)<\/legend>\r\n            <label>\r\n                <input type=\"text\" name=\"campaigns_search\" id=\"campaigns_search\" placeholder=\"Searching...\"\">\r\n            <\/label>\r\n         <\/fieldset>\r\n         <button class=\"fc-campaign-filter-go button button-primary et_pb_button\">Search<\/button>\r\n      <\/div>\r\n      <style type=\"text\/css\" media=\"screen\">\n@media only screen and (max-width: 768px) {\n\t.campaign-loop.campaign-grid.masonry { -moz-column-count: 1; -webkit-column-count: 1; column-count: 1; }\n\t.campaign-loop.campaign-grid .campaign,.campaign-loop.campaign-grid .campaign.hentry { width: 100% !important; }\n}\n<\/style>\n\t\t<ol class=\"campaign-loop campaign-grid campaign-grid-3\">\n\n\n<li id=\"campaign-19816\" class=\"post-19816 campaign type-campaign status-publish hentry campaign_type-fundraiser campaign_category-runners campaign-has-goal campaign-has-not-achieved-goal campaign-is-endless campaign-type-fundraiser\">\n   \n   <a href=\"https:\/\/2milionikm.dynamocamp.org\/en\/campagne\/marco-vicinelli\/\">\n      <div class=\"campaign-cover\">\n        <img decoding=\"async\" src=\"\/cover-default\/cover-singolo-400.jpg\" \/>      <\/div>    \n      <div class=\"campaign-content\">\n         <h3>Marco Vicinelli<\/h3>\n         <div class=\"campaign-description\">\n            Un aiuto per il mondo di Dynamo camp         <\/div>\n         <div class=\"campaign-loop-footer\">\n            <div class=\"campaign-data\">               \n               <div class=\"campaign-donation-stats\">\n                  <ul>\n                     <li><strong>0 Km<\/strong><em>Crossed<\/em><\/li>\n                     <li><strong>&euro;0<\/strong><em>Raised<\/em><\/li>\n                                             <li><strong>&euro;500<\/strong><em>Goal<\/em><\/li>\n                                          <li><strong>0<\/strong><em>Points<\/em><\/li>\n                  <\/ul>\n               <\/div>\n            <\/div>\n\n            \n            <div class=\"campaign-donation\">\n               <span class=\"button charitable-button donate-button button-primary et_pb_button\">\n                   Support               <\/span>\n            <\/div>\n         <\/div>\n      <\/div>\n   <\/a>\n      \n      <\/li>\n<li id=\"campaign-19807\" class=\"post-19807 campaign type-campaign status-publish hentry campaign_type-fundraiser campaign_category-runners campaign-has-goal campaign-has-not-achieved-goal campaign-is-endless campaign-type-fundraiser\">\n   \n   <a href=\"https:\/\/2milionikm.dynamocamp.org\/en\/campagne\/gregory-de-bartoli\/\">\n      <div class=\"campaign-cover\">\n        <img decoding=\"async\" src=\"\/cover-default\/cover-singolo-400.jpg\" \/>      <\/div>    \n      <div class=\"campaign-content\">\n         <h3>Gregory De Bartoli<\/h3>\n         <div class=\"campaign-description\">\n            Faccio sport regolarmente e grazie a questa iniziativa percorrer\u00f2 pi\u00f9 km         <\/div>\n         <div class=\"campaign-loop-footer\">\n            <div class=\"campaign-data\">               \n               <div class=\"campaign-donation-stats\">\n                  <ul>\n                     <li><strong>0 Km<\/strong><em>Crossed<\/em><\/li>\n                     <li><strong>&euro;0<\/strong><em>Raised<\/em><\/li>\n                                             <li><strong>&euro;1.000<\/strong><em>Goal<\/em><\/li>\n                                          <li><strong>0<\/strong><em>Points<\/em><\/li>\n                  <\/ul>\n               <\/div>\n            <\/div>\n\n            \n            <div class=\"campaign-donation\">\n               <span class=\"button charitable-button donate-button button-primary et_pb_button\">\n                   Support               <\/span>\n            <\/div>\n         <\/div>\n      <\/div>\n   <\/a>\n      \n      <\/li>\n<li id=\"campaign-19806\" class=\"post-19806 campaign type-campaign status-publish has-post-thumbnail hentry campaign_type-fundraiser campaign_category-runners campaign-has-no-goal campaign-is-endless campaign-type-fundraiser\">\n   \n   <a href=\"https:\/\/2milionikm.dynamocamp.org\/en\/campagne\/gian-luca-ballestra\/\">\n      <div class=\"campaign-cover\">\n        <img loading=\"lazy\" decoding=\"async\" width=\"768\" height=\"1024\" src=\"https:\/\/2milionikm.dynamocamp.org\/wp-content\/uploads\/2026\/05\/20850bbc-7176-4300-9fa8-2aa76c4ea61a-768x1024.jpeg\" class=\"attachment-medium size-medium wp-post-image\" alt=\"\" \/>      <\/div>    \n      <div class=\"campaign-content\">\n         <h3>Gian Luca Ballestra<\/h3>\n         <div class=\"campaign-description\">\n            Muoversi per donare.         <\/div>\n         <div class=\"campaign-loop-footer\">\n            <div class=\"campaign-data\">               \n               <div class=\"campaign-donation-stats\">\n                  <ul>\n                     <li><strong>0 Km<\/strong><em>Crossed<\/em><\/li>\n                     <li><strong>&euro;0<\/strong><em>Raised<\/em><\/li>\n                                          <li><strong>0<\/strong><em>Points<\/em><\/li>\n                  <\/ul>\n               <\/div>\n            <\/div>\n\n            \n            <div class=\"campaign-donation\">\n               <span class=\"button charitable-button donate-button button-primary et_pb_button\">\n                   Support               <\/span>\n            <\/div>\n         <\/div>\n      <\/div>\n   <\/a>\n      \n      <\/li>\n<li id=\"campaign-19803\" class=\"post-19803 campaign type-campaign status-publish hentry campaign_type-fundraiser campaign_category-runners campaign-has-goal campaign-has-not-achieved-goal campaign-is-endless campaign-type-fundraiser\">\n   \n   <a href=\"https:\/\/2milionikm.dynamocamp.org\/en\/campagne\/loris-schmid\/\">\n      <div class=\"campaign-cover\">\n        <img decoding=\"async\" src=\"\/cover-default\/cover-singolo-400.jpg\" \/>      <\/div>    \n      <div class=\"campaign-content\">\n         <h3>Loris Schmid<\/h3>\n         <div class=\"campaign-description\">\n            Ogni km donato \u00e9 un aiuto per qualcuno         <\/div>\n         <div class=\"campaign-loop-footer\">\n            <div class=\"campaign-data\">               \n               <div class=\"campaign-donation-stats\">\n                  <ul>\n                     <li><strong>0 Km<\/strong><em>Crossed<\/em><\/li>\n                     <li><strong>&euro;0<\/strong><em>Raised<\/em><\/li>\n                                             <li><strong>&euro;100<\/strong><em>Goal<\/em><\/li>\n                                          <li><strong>0<\/strong><em>Points<\/em><\/li>\n                  <\/ul>\n               <\/div>\n            <\/div>\n\n            \n            <div class=\"campaign-donation\">\n               <span class=\"button charitable-button donate-button button-primary et_pb_button\">\n                   Support               <\/span>\n            <\/div>\n         <\/div>\n      <\/div>\n   <\/a>\n      \n      <\/li>\n<li id=\"campaign-19801\" class=\"post-19801 campaign type-campaign status-publish hentry campaign_type-fundraiser campaign_category-runners campaign-has-goal campaign-has-not-achieved-goal campaign-is-endless campaign-type-fundraiser\">\n   \n   <a href=\"https:\/\/2milionikm.dynamocamp.org\/en\/campagne\/antonio-sala\/\">\n      <div class=\"campaign-cover\">\n        <img decoding=\"async\" src=\"\/cover-default\/cover-singolo-400.jpg\" \/>      <\/div>    \n      <div class=\"campaign-content\">\n         <h3>Antonio Sala<\/h3>\n         <div class=\"campaign-description\">\n            Restituire con gioia un poco di quanto si \u00e8 avuto         <\/div>\n         <div class=\"campaign-loop-footer\">\n            <div class=\"campaign-data\">               \n               <div class=\"campaign-donation-stats\">\n                  <ul>\n                     <li><strong>0 Km<\/strong><em>Crossed<\/em><\/li>\n                     <li><strong>&euro;100<\/strong><em>Raised<\/em><\/li>\n                                             <li><strong>&euro;500<\/strong><em>Goal<\/em><\/li>\n                                          <li><strong>100<\/strong><em>Points<\/em><\/li>\n                  <\/ul>\n               <\/div>\n            <\/div>\n\n            \n            <div class=\"campaign-donation\">\n               <span class=\"button charitable-button donate-button button-primary et_pb_button\">\n                   Support               <\/span>\n            <\/div>\n         <\/div>\n      <\/div>\n   <\/a>\n      \n      <\/li>\n<li id=\"campaign-19799\" class=\"post-19799 campaign type-campaign status-publish has-post-thumbnail hentry campaign_type-fundraiser campaign_category-runners campaign-has-goal campaign-has-not-achieved-goal campaign-is-endless campaign-type-fundraiser\">\n   \n   <a href=\"https:\/\/2milionikm.dynamocamp.org\/en\/campagne\/riccardo-vialli\/\">\n      <div class=\"campaign-cover\">\n        <img loading=\"lazy\" decoding=\"async\" width=\"1024\" height=\"682\" src=\"https:\/\/2milionikm.dynamocamp.org\/wp-content\/uploads\/2026\/05\/VAC2-1024x682.png\" class=\"attachment-medium size-medium wp-post-image\" alt=\"\" srcset=\"https:\/\/2milionikm.dynamocamp.org\/wp-content\/uploads\/2026\/05\/VAC2-1024x682.png 1024w, https:\/\/2milionikm.dynamocamp.org\/wp-content\/uploads\/2026\/05\/VAC2-980x653.png 980w, https:\/\/2milionikm.dynamocamp.org\/wp-content\/uploads\/2026\/05\/VAC2-480x320.png 480w\" sizes=\"(min-width: 0px) and (max-width: 480px) 480px, (min-width: 481px) and (max-width: 980px) 980px, (min-width: 981px) 1024px, 100vw\" \/>      <\/div>    \n      <div class=\"campaign-content\">\n         <h3>Riccardo Vialli<\/h3>\n         <div class=\"campaign-description\">\n            Faccio Sport per superare i miei limiti         <\/div>\n         <div class=\"campaign-loop-footer\">\n            <div class=\"campaign-data\">               \n               <div class=\"campaign-donation-stats\">\n                  <ul>\n                     <li><strong>0 Km<\/strong><em>Crossed<\/em><\/li>\n                     <li><strong>&euro;20<\/strong><em>Raised<\/em><\/li>\n                                             <li><strong>&euro;1.000<\/strong><em>Goal<\/em><\/li>\n                                          <li><strong>20<\/strong><em>Points<\/em><\/li>\n                  <\/ul>\n               <\/div>\n            <\/div>\n\n            \n            <div class=\"campaign-donation\">\n               <span class=\"button charitable-button donate-button button-primary et_pb_button\">\n                   Support               <\/span>\n            <\/div>\n         <\/div>\n      <\/div>\n   <\/a>\n      \n      <\/li>\n<li id=\"campaign-19795\" class=\"post-19795 campaign type-campaign status-publish hentry campaign_type-fundraiser campaign_category-runners campaign-has-goal campaign-has-not-achieved-goal campaign-is-endless campaign-type-fundraiser\">\n   \n   <a href=\"https:\/\/2milionikm.dynamocamp.org\/en\/campagne\/laura-silveri\/\">\n      <div class=\"campaign-cover\">\n        <img decoding=\"async\" src=\"\/cover-default\/cover-singolo-400.jpg\" \/>      <\/div>    \n      <div class=\"campaign-content\">\n         <h3>Laura Silveri<\/h3>\n         <div class=\"campaign-description\">\n            Perch\u00e8 \u00e8 bello fare sport, e farlo per Dynamo lo \u00e8 ancora di pi\u00f9!         <\/div>\n         <div class=\"campaign-loop-footer\">\n            <div class=\"campaign-data\">               \n               <div class=\"campaign-donation-stats\">\n                  <ul>\n                     <li><strong>0 Km<\/strong><em>Crossed<\/em><\/li>\n                     <li><strong>&euro;10<\/strong><em>Raised<\/em><\/li>\n                                             <li><strong>&euro;100<\/strong><em>Goal<\/em><\/li>\n                                          <li><strong>10<\/strong><em>Points<\/em><\/li>\n                  <\/ul>\n               <\/div>\n            <\/div>\n\n            \n            <div class=\"campaign-donation\">\n               <span class=\"button charitable-button donate-button button-primary et_pb_button\">\n                   Support               <\/span>\n            <\/div>\n         <\/div>\n      <\/div>\n   <\/a>\n      \n      <\/li><\/ol>\n\n<p>[\/et_pb_text][et_pb_text _builder_version=&#8221;4.16&#8243; _module_preset=&#8221;default&#8221; text_orientation=&#8221;center&#8221; global_colors_info=&#8221;{}&#8221;]<\/p>\n\n<p>[\/et_pb_text][\/et_pb_column][\/et_pb_row][\/et_pb_section]<\/p>\n","protected":false},"excerpt":{"rendered":"<p>[et_pb_section fb_built=&#8221;1&#8243; fullwidth=&#8221;on&#8221; _builder_version=&#8221;4.16&#8243; _module_preset=&#8221;default&#8221; global_colors_info=&#8221;{}&#8221;][et_pb_fullwidth_header title=&#8221;Individual Participants&#8221; _builder_version=&#8221;4.20.2&#8243; _module_preset=&#8221;2eb8210b-06b4-4c46-b34d-4d1f8198d956&#8243; global_colors_info=&#8221;{}&#8221;][\/et_pb_fullwidth_header][\/et_pb_section][et_pb_section fb_built=&#8221;1&#8243; _builder_version=&#8221;4.16&#8243; _module_preset=&#8221;default&#8221; custom_padding=&#8221;0px|||||&#8221; global_colors_info=&#8221;{}&#8221;][et_pb_row _builder_version=&#8221;4.16&#8243; _module_preset=&#8221;dee5904e-3e45-432b-8ef1-6bb062a8ee69&#8243; global_colors_info=&#8221;{}&#8221;][et_pb_column type=&#8221;4_4&#8243; _builder_version=&#8221;4.16&#8243; _module_preset=&#8221;default&#8221; global_colors_info=&#8221;{}&#8221;][et_pb_text _builder_version=&#8221;4.16&#8243; _module_preset=&#8221;156f3ad1-8abc-4033-90a8-18c07d81b2c7&#8243; global_colors_info=&#8221;{}&#8221;] [\/et_pb_text][et_pb_text _builder_version=&#8221;4.16&#8243; _module_preset=&#8221;default&#8221; text_orientation=&#8221;center&#8221; global_colors_info=&#8221;{}&#8221;] [\/et_pb_text][\/et_pb_column][\/et_pb_row][\/et_pb_section]<\/p>\n","protected":false},"author":1,"featured_media":0,"parent":0,"menu_order":0,"comment_status":"closed","ping_status":"closed","template":"","meta":{"_et_pb_use_builder":"on","_et_pb_old_content":"","_et_gb_content_width":"","footnotes":""},"class_list":["post-6757","page","type-page","status-publish","hentry","campaign-has-goal","campaign-has-not-achieved-goal","campaign-is-endless","campaign-type-fundraiser"],"yoast_head":"<!-- This site is optimized with the Yoast SEO plugin v27.5 - https:\/\/yoast.com\/product\/yoast-seo-wordpress\/ -->\n<title>Individual Participants - 2+ Million Kilometers for Dynamo Camp<\/title>\n<meta name=\"robots\" content=\"index, follow, max-snippet:-1, max-image-preview:large, max-video-preview:-1\" \/>\n<link rel=\"canonical\" href=\"https:\/\/2milionikm.dynamocamp.org\/en\/individual-participants\/\" \/>\n<meta property=\"og:locale\" content=\"en_US\" \/>\n<meta property=\"og:type\" content=\"article\" \/>\n<meta property=\"og:title\" content=\"Individual Participants - 2+ Million Kilometers for Dynamo Camp\" \/>\n<meta property=\"og:description\" content=\"[et_pb_section fb_built=&#8221;1&#8243; fullwidth=&#8221;on&#8221; _builder_version=&#8221;4.16&#8243; _module_preset=&#8221;default&#8221; global_colors_info=&#8221;{}&#8221;][et_pb_fullwidth_header title=&#8221;Individual Participants&#8221; _builder_version=&#8221;4.20.2&#8243; _module_preset=&#8221;2eb8210b-06b4-4c46-b34d-4d1f8198d956&#8243; global_colors_info=&#8221;{}&#8221;][\/et_pb_fullwidth_header][\/et_pb_section][et_pb_section fb_built=&#8221;1&#8243; _builder_version=&#8221;4.16&#8243; _module_preset=&#8221;default&#8221; custom_padding=&#8221;0px|||||&#8221; global_colors_info=&#8221;{}&#8221;][et_pb_row _builder_version=&#8221;4.16&#8243; _module_preset=&#8221;dee5904e-3e45-432b-8ef1-6bb062a8ee69&#8243; global_colors_info=&#8221;{}&#8221;][et_pb_column type=&#8221;4_4&#8243; _builder_version=&#8221;4.16&#8243; _module_preset=&#8221;default&#8221; global_colors_info=&#8221;{}&#8221;][et_pb_text _builder_version=&#8221;4.16&#8243; _module_preset=&#8221;156f3ad1-8abc-4033-90a8-18c07d81b2c7&#8243; global_colors_info=&#8221;{}&#8221;] [\/et_pb_text][et_pb_text _builder_version=&#8221;4.16&#8243; _module_preset=&#8221;default&#8221; text_orientation=&#8221;center&#8221; global_colors_info=&#8221;{}&#8221;] [\/et_pb_text][\/et_pb_column][\/et_pb_row][\/et_pb_section]\" \/>\n<meta property=\"og:url\" content=\"https:\/\/2milionikm.dynamocamp.org\/en\/individual-participants\/\" \/>\n<meta property=\"og:site_name\" content=\"2+ Million Kilometers for Dynamo Camp\" \/>\n<meta property=\"article:modified_time\" content=\"2024-06-04T17:38:09+00:00\" \/>\n<meta name=\"twitter:card\" content=\"summary_large_image\" \/>\n<meta name=\"twitter:label1\" content=\"Est. reading time\" \/>\n\t<meta name=\"twitter:data1\" content=\"1 minute\" \/>\n<script type=\"application\/ld+json\" class=\"yoast-schema-graph\">{\"@context\":\"https:\\\/\\\/schema.org\",\"@graph\":[{\"@type\":\"WebPage\",\"@id\":\"https:\\\/\\\/2milionikm.dynamocamp.org\\\/en\\\/individual-participants\\\/\",\"url\":\"https:\\\/\\\/2milionikm.dynamocamp.org\\\/en\\\/individual-participants\\\/\",\"name\":\"Individual Participants - 2+ Million Kilometers for Dynamo Camp\",\"isPartOf\":{\"@id\":\"https:\\\/\\\/2milionikm.dynamocamp.org\\\/en\\\/#website\"},\"datePublished\":\"2022-05-12T10:20:07+00:00\",\"dateModified\":\"2024-06-04T17:38:09+00:00\",\"breadcrumb\":{\"@id\":\"https:\\\/\\\/2milionikm.dynamocamp.org\\\/en\\\/individual-participants\\\/#breadcrumb\"},\"inLanguage\":\"en-US\",\"potentialAction\":[{\"@type\":\"ReadAction\",\"target\":[\"https:\\\/\\\/2milionikm.dynamocamp.org\\\/en\\\/individual-participants\\\/\"]}]},{\"@type\":\"BreadcrumbList\",\"@id\":\"https:\\\/\\\/2milionikm.dynamocamp.org\\\/en\\\/individual-participants\\\/#breadcrumb\",\"itemListElement\":[{\"@type\":\"ListItem\",\"position\":1,\"name\":\"Home\",\"item\":\"https:\\\/\\\/2milionikm.dynamocamp.org\\\/en\\\/\"},{\"@type\":\"ListItem\",\"position\":2,\"name\":\"Individual Participants\"}]},{\"@type\":\"WebSite\",\"@id\":\"https:\\\/\\\/2milionikm.dynamocamp.org\\\/en\\\/#website\",\"url\":\"https:\\\/\\\/2milionikm.dynamocamp.org\\\/en\\\/\",\"name\":\"2+ Million Kilometers for Dynamo Camp\",\"description\":\"La vostra energia, la loro felicit\u00e0\",\"publisher\":{\"@id\":\"https:\\\/\\\/2milionikm.dynamocamp.org\\\/en\\\/#organization\"},\"potentialAction\":[{\"@type\":\"SearchAction\",\"target\":{\"@type\":\"EntryPoint\",\"urlTemplate\":\"https:\\\/\\\/2milionikm.dynamocamp.org\\\/en\\\/?s={search_term_string}\"},\"query-input\":{\"@type\":\"PropertyValueSpecification\",\"valueRequired\":true,\"valueName\":\"search_term_string\"}}],\"inLanguage\":\"en-US\"},{\"@type\":\"Organization\",\"@id\":\"https:\\\/\\\/2milionikm.dynamocamp.org\\\/en\\\/#organization\",\"name\":\"Dynamo Camp\",\"url\":\"https:\\\/\\\/2milionikm.dynamocamp.org\\\/en\\\/\",\"logo\":{\"@type\":\"ImageObject\",\"inLanguage\":\"en-US\",\"@id\":\"https:\\\/\\\/2milionikm.dynamocamp.org\\\/en\\\/#\\\/schema\\\/logo\\\/image\\\/\",\"url\":\"https:\\\/\\\/2milionikm.dynamocamp.org\\\/wp-content\\\/uploads\\\/2022\\\/02\\\/dynamo-2kmk-logo.svg\",\"contentUrl\":\"https:\\\/\\\/2milionikm.dynamocamp.org\\\/wp-content\\\/uploads\\\/2022\\\/02\\\/dynamo-2kmk-logo.svg\",\"width\":1,\"height\":1,\"caption\":\"Dynamo Camp\"},\"image\":{\"@id\":\"https:\\\/\\\/2milionikm.dynamocamp.org\\\/en\\\/#\\\/schema\\\/logo\\\/image\\\/\"}}]}<\/script>\n<!-- \/ Yoast SEO plugin. -->","yoast_head_json":{"title":"Individual Participants - 2+ Million Kilometers for Dynamo Camp","robots":{"index":"index","follow":"follow","max-snippet":"max-snippet:-1","max-image-preview":"max-image-preview:large","max-video-preview":"max-video-preview:-1"},"canonical":"https:\/\/2milionikm.dynamocamp.org\/en\/individual-participants\/","og_locale":"en_US","og_type":"article","og_title":"Individual Participants - 2+ Million Kilometers for Dynamo Camp","og_description":"[et_pb_section fb_built=&#8221;1&#8243; fullwidth=&#8221;on&#8221; _builder_version=&#8221;4.16&#8243; _module_preset=&#8221;default&#8221; global_colors_info=&#8221;{}&#8221;][et_pb_fullwidth_header title=&#8221;Individual Participants&#8221; _builder_version=&#8221;4.20.2&#8243; _module_preset=&#8221;2eb8210b-06b4-4c46-b34d-4d1f8198d956&#8243; global_colors_info=&#8221;{}&#8221;][\/et_pb_fullwidth_header][\/et_pb_section][et_pb_section fb_built=&#8221;1&#8243; _builder_version=&#8221;4.16&#8243; _module_preset=&#8221;default&#8221; custom_padding=&#8221;0px|||||&#8221; global_colors_info=&#8221;{}&#8221;][et_pb_row _builder_version=&#8221;4.16&#8243; _module_preset=&#8221;dee5904e-3e45-432b-8ef1-6bb062a8ee69&#8243; global_colors_info=&#8221;{}&#8221;][et_pb_column type=&#8221;4_4&#8243; _builder_version=&#8221;4.16&#8243; _module_preset=&#8221;default&#8221; global_colors_info=&#8221;{}&#8221;][et_pb_text _builder_version=&#8221;4.16&#8243; _module_preset=&#8221;156f3ad1-8abc-4033-90a8-18c07d81b2c7&#8243; global_colors_info=&#8221;{}&#8221;] [\/et_pb_text][et_pb_text _builder_version=&#8221;4.16&#8243; _module_preset=&#8221;default&#8221; text_orientation=&#8221;center&#8221; global_colors_info=&#8221;{}&#8221;] [\/et_pb_text][\/et_pb_column][\/et_pb_row][\/et_pb_section]","og_url":"https:\/\/2milionikm.dynamocamp.org\/en\/individual-participants\/","og_site_name":"2+ Million Kilometers for Dynamo Camp","article_modified_time":"2024-06-04T17:38:09+00:00","twitter_card":"summary_large_image","twitter_misc":{"Est. reading time":"1 minute"},"schema":{"@context":"https:\/\/schema.org","@graph":[{"@type":"WebPage","@id":"https:\/\/2milionikm.dynamocamp.org\/en\/individual-participants\/","url":"https:\/\/2milionikm.dynamocamp.org\/en\/individual-participants\/","name":"Individual Participants - 2+ Million Kilometers for Dynamo Camp","isPartOf":{"@id":"https:\/\/2milionikm.dynamocamp.org\/en\/#website"},"datePublished":"2022-05-12T10:20:07+00:00","dateModified":"2024-06-04T17:38:09+00:00","breadcrumb":{"@id":"https:\/\/2milionikm.dynamocamp.org\/en\/individual-participants\/#breadcrumb"},"inLanguage":"en-US","potentialAction":[{"@type":"ReadAction","target":["https:\/\/2milionikm.dynamocamp.org\/en\/individual-participants\/"]}]},{"@type":"BreadcrumbList","@id":"https:\/\/2milionikm.dynamocamp.org\/en\/individual-participants\/#breadcrumb","itemListElement":[{"@type":"ListItem","position":1,"name":"Home","item":"https:\/\/2milionikm.dynamocamp.org\/en\/"},{"@type":"ListItem","position":2,"name":"Individual Participants"}]},{"@type":"WebSite","@id":"https:\/\/2milionikm.dynamocamp.org\/en\/#website","url":"https:\/\/2milionikm.dynamocamp.org\/en\/","name":"2+ Million Kilometers for Dynamo Camp","description":"La vostra energia, la loro felicit\u00e0","publisher":{"@id":"https:\/\/2milionikm.dynamocamp.org\/en\/#organization"},"potentialAction":[{"@type":"SearchAction","target":{"@type":"EntryPoint","urlTemplate":"https:\/\/2milionikm.dynamocamp.org\/en\/?s={search_term_string}"},"query-input":{"@type":"PropertyValueSpecification","valueRequired":true,"valueName":"search_term_string"}}],"inLanguage":"en-US"},{"@type":"Organization","@id":"https:\/\/2milionikm.dynamocamp.org\/en\/#organization","name":"Dynamo Camp","url":"https:\/\/2milionikm.dynamocamp.org\/en\/","logo":{"@type":"ImageObject","inLanguage":"en-US","@id":"https:\/\/2milionikm.dynamocamp.org\/en\/#\/schema\/logo\/image\/","url":"https:\/\/2milionikm.dynamocamp.org\/wp-content\/uploads\/2022\/02\/dynamo-2kmk-logo.svg","contentUrl":"https:\/\/2milionikm.dynamocamp.org\/wp-content\/uploads\/2022\/02\/dynamo-2kmk-logo.svg","width":1,"height":1,"caption":"Dynamo Camp"},"image":{"@id":"https:\/\/2milionikm.dynamocamp.org\/en\/#\/schema\/logo\/image\/"}}]}},"_links":{"self":[{"href":"https:\/\/2milionikm.dynamocamp.org\/en\/wp-json\/wp\/v2\/pages\/6757","targetHints":{"allow":["GET"]}}],"collection":[{"href":"https:\/\/2milionikm.dynamocamp.org\/en\/wp-json\/wp\/v2\/pages"}],"about":[{"href":"https:\/\/2milionikm.dynamocamp.org\/en\/wp-json\/wp\/v2\/types\/page"}],"author":[{"embeddable":true,"href":"https:\/\/2milionikm.dynamocamp.org\/en\/wp-json\/wp\/v2\/users\/1"}],"replies":[{"embeddable":true,"href":"https:\/\/2milionikm.dynamocamp.org\/en\/wp-json\/wp\/v2\/comments?post=6757"}],"version-history":[{"count":2,"href":"https:\/\/2milionikm.dynamocamp.org\/en\/wp-json\/wp\/v2\/pages\/6757\/revisions"}],"predecessor-version":[{"id":6759,"href":"https:\/\/2milionikm.dynamocamp.org\/en\/wp-json\/wp\/v2\/pages\/6757\/revisions\/6759"}],"wp:attachment":[{"href":"https:\/\/2milionikm.dynamocamp.org\/en\/wp-json\/wp\/v2\/media?parent=6757"}],"curies":[{"name":"wp","href":"https:\/\/api.w.org\/{rel}","templated":true}]}}